{"id":1544,"date":"2025-12-08T20:54:50","date_gmt":"2025-12-08T20:54:50","guid":{"rendered":"https:\/\/www.wwwlamagnaneriedecamias.jeki6719.odns.fr\/?page_id=1544"},"modified":"2026-04-14T09:52:48","modified_gmt":"2026-04-14T09:52:48","slug":"autour-de-chez-nous","status":"publish","type":"page","link":"https:\/\/www.lamagnaneriedecamias.com\/en\/autour-de-chez-nous\/","title":{"rendered":"Around us"},"content":{"rendered":"<div data-elementor-type=\"wp-page\" data-elementor-id=\"1544\" class=\"elementor elementor-1544\">\n\t\t\t\t<div class=\"elementor-element elementor-element-d59f5cd e-flex e-con-boxed e-con e-parent\" data-id=\"d59f5cd\" data-element_type=\"container\">\n\t\t\t\t\t<div class=\"e-con-inner\">\n\t\t\t\t<div class=\"elementor-element elementor-element-1d7073d elementor-widget elementor-widget-heading\" data-id=\"1d7073d\" data-element_type=\"widget\" data-widget_type=\"heading.default\">\n\t\t\t\t<div class=\"elementor-widget-container\">\n\t\t\t\t\t<h1 class=\"elementor-heading-title elementor-size-default\">Around us<\/h1>\t\t\t\t<\/div>\n\t\t\t\t<\/div>\n\t\t\t\t\t<\/div>\n\t\t\t\t<\/div>\n\t\t<div class=\"elementor-element elementor-element-606ace1 e-grid e-con-full e-con e-parent\" data-id=\"606ace1\" data-element_type=\"container\">\n\t\t\t\t<div class=\"elementor-element elementor-element-cb7a1ae elementor-widget elementor-widget-text-editor\" data-id=\"cb7a1ae\" data-element_type=\"widget\" data-widget_type=\"text-editor.default\">\n\t\t\t\t<div class=\"elementor-widget-container\">\n\t\t\t\t\t\t\t\t\t<h5>Located in the heart of the C\u00e9vennes, La Magnanerie is the ideal starting point for exploring unspoiled nature and charming villages.<\/h5>\t\t\t\t\t\t\t\t<\/div>\n\t\t\t\t<\/div>\n\t\t\t\t<div class=\"elementor-element elementor-element-e67861f elementor-widget elementor-widget-image\" data-id=\"e67861f\" data-element_type=\"widget\" data-widget_type=\"image.default\">\n\t\t\t\t<div class=\"elementor-widget-container\">\n\t\t\t\t\t\t\t\t\t\t\t\t\t\t\t<img fetchpriority=\"high\" decoding=\"async\" width=\"300\" height=\"300\" src=\"https:\/\/www.lamagnaneriedecamias.com\/wp-content\/uploads\/2025\/12\/Cevennes-1-300x300.jpeg\" class=\"attachment-medium size-medium wp-image-1506\" alt=\"Vue a\u00e9rienne paysage C\u00e9vennes\" srcset=\"https:\/\/www.lamagnaneriedecamias.com\/wp-content\/uploads\/2025\/12\/Cevennes-1-300x300.jpeg 300w, https:\/\/www.lamagnaneriedecamias.com\/wp-content\/uploads\/2025\/12\/Cevennes-1-150x150.jpeg 150w, https:\/\/www.lamagnaneriedecamias.com\/wp-content\/uploads\/2025\/12\/Cevennes-1.jpeg 640w\" sizes=\"(max-width: 300px) 100vw, 300px\" \/>\t\t\t\t\t\t\t\t\t\t\t\t\t\t\t<\/div>\n\t\t\t\t<\/div>\n\t\t\t\t<\/div>\n\t\t<div class=\"elementor-element elementor-element-80dbae7 e-flex e-con-boxed e-con e-parent\" data-id=\"80dbae7\" data-element_type=\"container\">\n\t\t\t\t\t<div class=\"e-con-inner\">\n\t\t\t\t<div class=\"elementor-element elementor-element-f6148cc elementor-widget elementor-widget-heading\" data-id=\"f6148cc\" data-element_type=\"widget\" data-widget_type=\"heading.default\">\n\t\t\t\t<div class=\"elementor-widget-container\">\n\t\t\t\t\t<h2 class=\"elementor-heading-title elementor-size-default\">Explore the surrounding area on the map<\/h2>\t\t\t\t<\/div>\n\t\t\t\t<\/div>\n\t\t\t\t<div class=\"elementor-element elementor-element-e2d9aef elementor-widget elementor-widget-text-editor\" data-id=\"e2d9aef\" data-element_type=\"widget\" data-widget_type=\"text-editor.default\">\n\t\t\t\t<div class=\"elementor-widget-container\">\n\t\t\t\t\t\t\t\t\t<p>Find all our favorite spots here: villages, restaurants, and great places to stay.<\/p>\t\t\t\t\t\t\t\t<\/div>\n\t\t\t\t<\/div>\n\t\t\t\t<div class=\"elementor-element elementor-element-58f01e4 elementor-widget elementor-widget-html\" data-id=\"58f01e4\" data-element_type=\"widget\" data-widget_type=\"html.default\">\n\t\t\t\t<div class=\"elementor-widget-container\">\n\t\t\t\t\t<iframe src=\"https:\/\/www.google.com\/maps\/d\/u\/2\/embed?mid=1RmrqEfuh-TYeerGGBZ9DghZHr8RJ1bM&ehbc=2E312F&noprof=1\" width=\"640\" height=\"480\"><\/iframe>\t\t\t\t<\/div>\n\t\t\t\t<\/div>\n\t\t<div class=\"elementor-element elementor-element-c8e8228 e-con-full e-flex e-con e-child\" data-id=\"c8e8228\" data-element_type=\"container\">\n\t\t\t\t<div class=\"elementor-element elementor-element-e673e07 elementor-widget elementor-widget-heading\" data-id=\"e673e07\" data-element_type=\"widget\" data-widget_type=\"heading.default\">\n\t\t\t\t<div class=\"elementor-widget-container\">\n\t\t\t\t\t<h3 class=\"elementor-heading-title elementor-size-default\">A hiker's paradise!<\/h3>\t\t\t\t<\/div>\n\t\t\t\t<\/div>\n\t\t<div class=\"elementor-element elementor-element-f73fb0b e-grid e-con-full e-con e-child\" data-id=\"f73fb0b\" data-element_type=\"container\">\n\t\t\t\t<div class=\"elementor-element elementor-element-be7a4d6 elementor-widget elementor-widget-text-editor\" data-id=\"be7a4d6\" data-element_type=\"widget\" data-widget_type=\"text-editor.default\">\n\t\t\t\t<div class=\"elementor-widget-container\">\n\t\t\t\t\t\t\t\t\t<p><span class=\"a_GcMg font-feature-liga-off font-feature-clig-off font-feature-calt-off text-decoration-none text-strikethrough-none\">For hiking enthusiasts, several trails start right from our house, offering beautiful walks in the heart of nature. Just a 5-minute drive away, the charming village of Saint-Andr\u00e9-de-Majencoules also offers a scenic route, perfect for discovering its authentic village center and enjoying stunning views.\u00a0<\/span><\/p>\t\t\t\t\t\t\t\t<\/div>\n\t\t\t\t<\/div>\n\t\t\t\t<div class=\"elementor-element elementor-element-13d4699 elementor-button-info elementor-align-center elementor-widget elementor-widget-button\" data-id=\"13d4699\" data-element_type=\"widget\" data-widget_type=\"button.default\">\n\t\t\t\t<div class=\"elementor-widget-container\">\n\t\t\t\t\t\t\t\t\t<div class=\"elementor-button-wrapper\">\n\t\t\t\t\t<a class=\"elementor-button elementor-button-link elementor-size-sm\" href=\"https:\/\/www.visorando.com\/?component=rando&#038;task=searchCircuitV2&#038;geolocation=0&#038;metaData=&#038;minDuration=0&#038;maxDuration=720&#038;minDifficulty=1&#038;maxDifficulty=5&#038;loc=magnanerie+de+camias&#038;retourDepart=0&#038;bbox=-8.860186777157054%2C19.121252061239574%2C39.01073956942943%2C52.43641767313221\">\n\t\t\t\t\t\t<span class=\"elementor-button-content-wrapper\">\n\t\t\t\t\t\t\t\t\t<span class=\"elementor-button-text\">Hikes starting from La Magnanerie<\/span>\n\t\t\t\t\t<\/span>\n\t\t\t\t\t<\/a>\n\t\t\t\t<\/div>\n\t\t\t\t\t\t\t\t<\/div>\n\t\t\t\t<\/div>\n\t\t\t\t<\/div>\n\t\t\t\t<\/div>\n\t\t\t\t\t<\/div>\n\t\t\t\t<\/div>\n\t\t\t\t<\/div>\n\t\t\n    <div class=\"xs_social_share_widget xs_share_url after_content \t\tmain_content  wslu-style-1 wslu-share-box-shaped wslu-fill-colored wslu-none wslu-share-horizontal wslu-theme-font-no wslu-main_content\">\n\n\t\t\n        <ul>\n\t\t\t        <\/ul>\n    <\/div>","protected":false},"excerpt":{"rendered":"<p>Autour de chez nous Situ\u00e9e au c\u0153ur des C\u00e9vennes, La Magnanerie est le point de d\u00e9part id\u00e9al pour explorer une nature pr\u00e9serv\u00e9e et des villages de caract\u00e8re. Explorez les environs sur la carte Retrouvez ici tous nos coups de c\u0153ur : villages, restaurants et bonnes adresses. Le terrain de jeu des randonneurs ! Pour les [&hellip;]<\/p>\n","protected":false},"author":1,"featured_media":0,"parent":0,"menu_order":0,"comment_status":"closed","ping_status":"closed","template":"","meta":{"site-sidebar-layout":"no-sidebar","site-content-layout":"page-builder","ast-site-content-layout":"full-width-container","site-content-style":"default","site-sidebar-style":"default","ast-global-header-display":"","ast-banner-title-visibility":"disabled","ast-main-header-display":"","ast-hfb-above-header-display":"","ast-hfb-below-header-display":"","ast-hfb-mobile-header-display":"","site-post-title":"","ast-breadcrumbs-content":"","ast-featured-img":"disabled","footer-sml-layout":"","theme-transparent-header-meta":"","adv-header-id-meta":"","stick-header-meta":"","header-above-stick-meta":"","header-main-stick-meta":"","header-below-stick-meta":"","astra-migrate-meta-layouts":"set","ast-page-background-enabled":"default","ast-page-background-meta":{"desktop":{"background-color":"","background-image":"","background-repeat":"repeat","background-position":"center center","background-size":"auto","background-attachment":"scroll","background-type":"","background-media":"","overlay-type":"","overlay-color":"","overlay-opacity":"","overlay-gradient":""},"tablet":{"background-color":"","background-image":"","background-repeat":"repeat","background-position":"center center","background-size":"auto","background-attachment":"scroll","background-type":"","background-media":"","overlay-type":"","overlay-color":"","overlay-opacity":"","overlay-gradient":""},"mobile":{"background-color":"","background-image":"","background-repeat":"repeat","background-position":"center center","background-size":"auto","background-attachment":"scroll","background-type":"","background-media":"","overlay-type":"","overlay-color":"","overlay-opacity":"","overlay-gradient":""}},"ast-content-background-meta":{"desktop":{"background-color":"var(--ast-global-color-5)","background-image":"","background-repeat":"repeat","background-position":"center center","background-size":"auto","background-attachment":"scroll","background-type":"","background-media":"","overlay-type":"","overlay-color":"","overlay-opacity":"","overlay-gradient":""},"tablet":{"background-color":"var(--ast-global-color-5)","background-image":"","background-repeat":"repeat","background-position":"center center","background-size":"auto","background-attachment":"scroll","background-type":"","background-media":"","overlay-type":"","overlay-color":"","overlay-opacity":"","overlay-gradient":""},"mobile":{"background-color":"var(--ast-global-color-5)","background-image":"","background-repeat":"repeat","background-position":"center center","background-size":"auto","background-attachment":"scroll","background-type":"","background-media":"","overlay-type":"","overlay-color":"","overlay-opacity":"","overlay-gradient":""}},"footnotes":""},"class_list":["post-1544","page","type-page","status-publish","hentry"],"yoast_head":"<!-- This site is optimized with the Yoast SEO plugin v26.4 - https:\/\/yoast.com\/wordpress\/plugins\/seo\/ -->\n<title>Activit\u00e9s &amp; Randonn\u00e9es dans les C\u00e9vennes Magnanerie de Camias<\/title>\n<meta name=\"description\" content=\"Randonn\u00e9es, cano\u00eb, Cirque de Navacelles, Grotte des Demoiselles\u2026 D\u00e9couvrez les activit\u00e9s autour de la Magnanerie de Camias dans les C\u00e9vennes.\" \/>\n<meta name=\"robots\" content=\"index, follow, max-snippet:-1, max-image-preview:large, max-video-preview:-1\" \/>\n<link rel=\"canonical\" href=\"https:\/\/www.lamagnaneriedecamias.com\/en\/autour-de-chez-nous\/\" \/>\n<meta property=\"og:locale\" content=\"en_GB\" \/>\n<meta property=\"og:type\" content=\"article\" \/>\n<meta property=\"og:title\" content=\"Activit\u00e9s &amp; Randonn\u00e9es dans les C\u00e9vennes Magnanerie de Camias\" \/>\n<meta property=\"og:description\" content=\"Randonn\u00e9es, cano\u00eb, Cirque de Navacelles, Grotte des Demoiselles\u2026 D\u00e9couvrez les activit\u00e9s autour de la Magnanerie de Camias dans les C\u00e9vennes.\" \/>\n<meta property=\"og:url\" content=\"https:\/\/www.lamagnaneriedecamias.com\/en\/autour-de-chez-nous\/\" \/>\n<meta property=\"article:modified_time\" content=\"2026-04-14T09:52:48+00:00\" \/>\n<meta property=\"og:image\" content=\"https:\/\/www.lamagnaneriedecamias.com\/wp-content\/uploads\/2025\/12\/Cevennes-1.jpeg\" \/>\n\t<meta property=\"og:image:width\" content=\"640\" \/>\n\t<meta property=\"og:image:height\" content=\"640\" \/>\n\t<meta property=\"og:image:type\" content=\"image\/jpeg\" \/>\n<meta name=\"twitter:card\" content=\"summary_large_image\" \/>\n<meta name=\"twitter:label1\" content=\"Estimated reading time\" \/>\n\t<meta name=\"twitter:data1\" content=\"1 minute\" \/>\n<script type=\"application\/ld+json\" class=\"yoast-schema-graph\">{\"@context\":\"https:\/\/schema.org\",\"@graph\":[{\"@type\":\"WebPage\",\"@id\":\"https:\/\/www.lamagnaneriedecamias.com\/autour-de-chez-nous\/\",\"url\":\"https:\/\/www.lamagnaneriedecamias.com\/autour-de-chez-nous\/\",\"name\":\"Activit\u00e9s & Randonn\u00e9es dans les C\u00e9vennes Magnanerie de Camias\",\"isPartOf\":{\"@id\":\"https:\/\/www.lamagnaneriedecamias.com\/#website\"},\"primaryImageOfPage\":{\"@id\":\"https:\/\/www.lamagnaneriedecamias.com\/autour-de-chez-nous\/#primaryimage\"},\"image\":{\"@id\":\"https:\/\/www.lamagnaneriedecamias.com\/autour-de-chez-nous\/#primaryimage\"},\"thumbnailUrl\":\"https:\/\/www.lamagnaneriedecamias.com\/wp-content\/uploads\/2025\/12\/Cevennes-1-300x300.jpeg\",\"datePublished\":\"2025-12-08T20:54:50+00:00\",\"dateModified\":\"2026-04-14T09:52:48+00:00\",\"description\":\"Randonn\u00e9es, cano\u00eb, Cirque de Navacelles, Grotte des Demoiselles\u2026 D\u00e9couvrez les activit\u00e9s autour de la Magnanerie de Camias dans les C\u00e9vennes.\",\"breadcrumb\":{\"@id\":\"https:\/\/www.lamagnaneriedecamias.com\/autour-de-chez-nous\/#breadcrumb\"},\"inLanguage\":\"en-GB\",\"potentialAction\":[{\"@type\":\"ReadAction\",\"target\":[\"https:\/\/www.lamagnaneriedecamias.com\/autour-de-chez-nous\/\"]}]},{\"@type\":\"ImageObject\",\"inLanguage\":\"en-GB\",\"@id\":\"https:\/\/www.lamagnaneriedecamias.com\/autour-de-chez-nous\/#primaryimage\",\"url\":\"https:\/\/www.lamagnaneriedecamias.com\/wp-content\/uploads\/2025\/12\/Cevennes-1-300x300.jpeg\",\"contentUrl\":\"https:\/\/www.lamagnaneriedecamias.com\/wp-content\/uploads\/2025\/12\/Cevennes-1-300x300.jpeg\"},{\"@type\":\"BreadcrumbList\",\"@id\":\"https:\/\/www.lamagnaneriedecamias.com\/autour-de-chez-nous\/#breadcrumb\",\"itemListElement\":[{\"@type\":\"ListItem\",\"position\":1,\"name\":\"Accueil\",\"item\":\"https:\/\/www.lamagnaneriedecamias.com\/\"},{\"@type\":\"ListItem\",\"position\":2,\"name\":\"Autour de chez nous\"}]},{\"@type\":\"WebSite\",\"@id\":\"https:\/\/www.lamagnaneriedecamias.com\/#website\",\"url\":\"https:\/\/www.lamagnaneriedecamias.com\/\",\"name\":\"La Magnanerie de Camias\",\"description\":\"Maison d&#039;h\u00f4tes et spa bien-\u00eatre\",\"publisher\":{\"@id\":\"https:\/\/www.lamagnaneriedecamias.com\/#organization\"},\"potentialAction\":[{\"@type\":\"SearchAction\",\"target\":{\"@type\":\"EntryPoint\",\"urlTemplate\":\"https:\/\/www.lamagnaneriedecamias.com\/?s={search_term_string}\"},\"query-input\":{\"@type\":\"PropertyValueSpecification\",\"valueRequired\":true,\"valueName\":\"search_term_string\"}}],\"inLanguage\":\"en-GB\"},{\"@type\":\"Organization\",\"@id\":\"https:\/\/www.lamagnaneriedecamias.com\/#organization\",\"name\":\"La Magnanerie de Camias\",\"url\":\"https:\/\/www.lamagnaneriedecamias.com\/\",\"logo\":{\"@type\":\"ImageObject\",\"inLanguage\":\"en-GB\",\"@id\":\"https:\/\/www.lamagnaneriedecamias.com\/#\/schema\/logo\/image\/\",\"url\":\"https:\/\/www.lamagnaneriedecamias.com\/wp-content\/uploads\/2025\/12\/Logo_Magnanerie_de_Camias-removebg-preview.png\",\"contentUrl\":\"https:\/\/www.lamagnaneriedecamias.com\/wp-content\/uploads\/2025\/12\/Logo_Magnanerie_de_Camias-removebg-preview.png\",\"width\":577,\"height\":433,\"caption\":\"La Magnanerie de Camias\"},\"image\":{\"@id\":\"https:\/\/www.lamagnaneriedecamias.com\/#\/schema\/logo\/image\/\"}}]}<\/script>\n<!-- \/ Yoast SEO plugin. -->","yoast_head_json":{"title":"Activit\u00e9s & Randonn\u00e9es dans les C\u00e9vennes Magnanerie de Camias","description":"Randonn\u00e9es, cano\u00eb, Cirque de Navacelles, Grotte des Demoiselles\u2026 D\u00e9couvrez les activit\u00e9s autour de la Magnanerie de Camias dans les C\u00e9vennes.","robots":{"index":"index","follow":"follow","max-snippet":"max-snippet:-1","max-image-preview":"max-image-preview:large","max-video-preview":"max-video-preview:-1"},"canonical":"https:\/\/www.lamagnaneriedecamias.com\/en\/autour-de-chez-nous\/","og_locale":"en_GB","og_type":"article","og_title":"Activit\u00e9s & Randonn\u00e9es dans les C\u00e9vennes Magnanerie de Camias","og_description":"Randonn\u00e9es, cano\u00eb, Cirque de Navacelles, Grotte des Demoiselles\u2026 D\u00e9couvrez les activit\u00e9s autour de la Magnanerie de Camias dans les C\u00e9vennes.","og_url":"https:\/\/www.lamagnaneriedecamias.com\/en\/autour-de-chez-nous\/","article_modified_time":"2026-04-14T09:52:48+00:00","og_image":[{"width":640,"height":640,"url":"https:\/\/www.lamagnaneriedecamias.com\/wp-content\/uploads\/2025\/12\/Cevennes-1.jpeg","type":"image\/jpeg"}],"twitter_card":"summary_large_image","twitter_misc":{"Estimated reading time":"1 minute"},"schema":{"@context":"https:\/\/schema.org","@graph":[{"@type":"WebPage","@id":"https:\/\/www.lamagnaneriedecamias.com\/autour-de-chez-nous\/","url":"https:\/\/www.lamagnaneriedecamias.com\/autour-de-chez-nous\/","name":"Activit\u00e9s & Randonn\u00e9es dans les C\u00e9vennes Magnanerie de Camias","isPartOf":{"@id":"https:\/\/www.lamagnaneriedecamias.com\/#website"},"primaryImageOfPage":{"@id":"https:\/\/www.lamagnaneriedecamias.com\/autour-de-chez-nous\/#primaryimage"},"image":{"@id":"https:\/\/www.lamagnaneriedecamias.com\/autour-de-chez-nous\/#primaryimage"},"thumbnailUrl":"https:\/\/www.lamagnaneriedecamias.com\/wp-content\/uploads\/2025\/12\/Cevennes-1-300x300.jpeg","datePublished":"2025-12-08T20:54:50+00:00","dateModified":"2026-04-14T09:52:48+00:00","description":"Randonn\u00e9es, cano\u00eb, Cirque de Navacelles, Grotte des Demoiselles\u2026 D\u00e9couvrez les activit\u00e9s autour de la Magnanerie de Camias dans les C\u00e9vennes.","breadcrumb":{"@id":"https:\/\/www.lamagnaneriedecamias.com\/autour-de-chez-nous\/#breadcrumb"},"inLanguage":"en-GB","potentialAction":[{"@type":"ReadAction","target":["https:\/\/www.lamagnaneriedecamias.com\/autour-de-chez-nous\/"]}]},{"@type":"ImageObject","inLanguage":"en-GB","@id":"https:\/\/www.lamagnaneriedecamias.com\/autour-de-chez-nous\/#primaryimage","url":"https:\/\/www.lamagnaneriedecamias.com\/wp-content\/uploads\/2025\/12\/Cevennes-1-300x300.jpeg","contentUrl":"https:\/\/www.lamagnaneriedecamias.com\/wp-content\/uploads\/2025\/12\/Cevennes-1-300x300.jpeg"},{"@type":"BreadcrumbList","@id":"https:\/\/www.lamagnaneriedecamias.com\/autour-de-chez-nous\/#breadcrumb","itemListElement":[{"@type":"ListItem","position":1,"name":"Accueil","item":"https:\/\/www.lamagnaneriedecamias.com\/"},{"@type":"ListItem","position":2,"name":"Autour de chez nous"}]},{"@type":"WebSite","@id":"https:\/\/www.lamagnaneriedecamias.com\/#website","url":"https:\/\/www.lamagnaneriedecamias.com\/","name":"La Magnanerie de Camias","description":"Maison d&#039;h\u00f4tes et spa bien-\u00eatre","publisher":{"@id":"https:\/\/www.lamagnaneriedecamias.com\/#organization"},"potentialAction":[{"@type":"SearchAction","target":{"@type":"EntryPoint","urlTemplate":"https:\/\/www.lamagnaneriedecamias.com\/?s={search_term_string}"},"query-input":{"@type":"PropertyValueSpecification","valueRequired":true,"valueName":"search_term_string"}}],"inLanguage":"en-GB"},{"@type":"Organization","@id":"https:\/\/www.lamagnaneriedecamias.com\/#organization","name":"La Magnanerie de Camias","url":"https:\/\/www.lamagnaneriedecamias.com\/","logo":{"@type":"ImageObject","inLanguage":"en-GB","@id":"https:\/\/www.lamagnaneriedecamias.com\/#\/schema\/logo\/image\/","url":"https:\/\/www.lamagnaneriedecamias.com\/wp-content\/uploads\/2025\/12\/Logo_Magnanerie_de_Camias-removebg-preview.png","contentUrl":"https:\/\/www.lamagnaneriedecamias.com\/wp-content\/uploads\/2025\/12\/Logo_Magnanerie_de_Camias-removebg-preview.png","width":577,"height":433,"caption":"La Magnanerie de Camias"},"image":{"@id":"https:\/\/www.lamagnaneriedecamias.com\/#\/schema\/logo\/image\/"}}]}},"_links":{"self":[{"href":"https:\/\/www.lamagnaneriedecamias.com\/en\/wp-json\/wp\/v2\/pages\/1544","targetHints":{"allow":["GET"]}}],"collection":[{"href":"https:\/\/www.lamagnaneriedecamias.com\/en\/wp-json\/wp\/v2\/pages"}],"about":[{"href":"https:\/\/www.lamagnaneriedecamias.com\/en\/wp-json\/wp\/v2\/types\/page"}],"author":[{"embeddable":true,"href":"https:\/\/www.lamagnaneriedecamias.com\/en\/wp-json\/wp\/v2\/users\/1"}],"replies":[{"embeddable":true,"href":"https:\/\/www.lamagnaneriedecamias.com\/en\/wp-json\/wp\/v2\/comments?post=1544"}],"version-history":[{"count":19,"href":"https:\/\/www.lamagnaneriedecamias.com\/en\/wp-json\/wp\/v2\/pages\/1544\/revisions"}],"predecessor-version":[{"id":1975,"href":"https:\/\/www.lamagnaneriedecamias.com\/en\/wp-json\/wp\/v2\/pages\/1544\/revisions\/1975"}],"wp:attachment":[{"href":"https:\/\/www.lamagnaneriedecamias.com\/en\/wp-json\/wp\/v2\/media?parent=1544"}],"curies":[{"name":"wp","href":"https:\/\/api.w.org\/{rel}","templated":true}]}}