{"id":1603,"date":"2025-12-09T10:11:10","date_gmt":"2025-12-09T10:11:10","guid":{"rendered":"https:\/\/www.wwwlamagnaneriedecamias.jeki6719.odns.fr\/?page_id=1603"},"modified":"2026-04-14T09:11:25","modified_gmt":"2026-04-14T09:11:25","slug":"infos-pratiques","status":"publish","type":"page","link":"https:\/\/www.lamagnaneriedecamias.com\/en\/infos-pratiques\/","title":{"rendered":"Practical info"},"content":{"rendered":"<div data-elementor-type=\"wp-page\" data-elementor-id=\"1603\" class=\"elementor elementor-1603\">\n\t\t\t\t<div class=\"elementor-element elementor-element-4f32e39 e-con-full e-flex e-con e-parent\" data-id=\"4f32e39\" data-element_type=\"container\">\n\t\t\t\t<div class=\"elementor-element elementor-element-f2b81a8 elementor-widget elementor-widget-heading\" data-id=\"f2b81a8\" data-element_type=\"widget\" data-widget_type=\"heading.default\">\n\t\t\t\t<div class=\"elementor-widget-container\">\n\t\t\t\t\t<h1 class=\"elementor-heading-title elementor-size-default\">Practical info<\/h1>\t\t\t\t<\/div>\n\t\t\t\t<\/div>\n\t\t\t\t<div class=\"elementor-element elementor-element-da66652 elementor-widget elementor-widget-heading\" data-id=\"da66652\" data-element_type=\"widget\" data-widget_type=\"heading.default\">\n\t\t\t\t<div class=\"elementor-widget-container\">\n\t\t\t\t\t<h3 class=\"elementor-heading-title elementor-size-default\">Tout ce qu\u2019il faut savoir pour pr\u00e9parer votre s\u00e9jour<\/h3>\t\t\t\t<\/div>\n\t\t\t\t<\/div>\n\t\t<div class=\"elementor-element elementor-element-529a88e e-con-full e-grid e-con e-child\" data-id=\"529a88e\" data-element_type=\"container\">\n\t\t\t\t<div class=\"elementor-element elementor-element-f4fe980 elementor-widget__width-initial elementor-widget elementor-widget-text-editor\" data-id=\"f4fe980\" data-element_type=\"widget\" data-widget_type=\"text-editor.default\">\n\t\t\t\t<div class=\"elementor-widget-container\">\n\t\t\t\t\t\t\t\t\t<p data-start=\"2419\" data-end=\"2441\"><strong><img decoding=\"async\" class=\"alignleft wp-image-1495 size-thumbnail\" src=\"https:\/\/www.lamagnaneriedecamias.com\/wp-content\/uploads\/2025\/12\/IMG_3632-scaled-e1772204945237-150x150.jpg\" alt=\"img 3632\" width=\"150\" height=\"150\" \/><\/strong><strong data-start=\"2419\" data-end=\"2441\">Arrivals &amp; Departures<\/strong><\/p><ul><li class=\"translation-block\">Check-in: from 4 PM<\/li><li data-start=\"2443\" data-end=\"2473\" class=\"translation-block\">Check-out: until 11 AM<\/li><\/ul>\t\t\t\t\t\t\t\t<\/div>\n\t\t\t\t<\/div>\n\t\t\t\t<\/div>\n\t\t<div class=\"elementor-element elementor-element-83a08bc e-con-full e-grid e-con e-child\" data-id=\"83a08bc\" data-element_type=\"container\">\n\t\t\t\t<div class=\"elementor-element elementor-element-f6c206b elementor-widget__width-initial elementor-widget elementor-widget-text-editor\" data-id=\"f6c206b\" data-element_type=\"widget\" data-widget_type=\"text-editor.default\">\n\t\t\t\t<div class=\"elementor-widget-container\">\n\t\t\t\t\t\t\t\t\t<p data-start=\"2508\" data-end=\"2526\"><strong data-start=\"2508\" data-end=\"2526\">Breakfast included<\/strong><img decoding=\"async\" class=\"wp-image-1489 size-thumbnail alignleft\" src=\"https:\/\/www.lamagnaneriedecamias.com\/wp-content\/uploads\/2025\/12\/IMG_4796-1-150x150.jpg\" alt=\"img 4796\" width=\"150\" height=\"150\" \/><\/p><ul data-start=\"2528\" data-end=\"2626\"><li data-start=\"2528\" data-end=\"2558\">Buffet servi <strong>Buffet served from 8:30 am to 10:00 am<\/strong><\/li><li data-start=\"2559\" data-end=\"2588\">Local and seasonal products<\/li><\/ul>\t\t\t\t\t\t\t\t<\/div>\n\t\t\t\t<\/div>\n\t\t\t\t<\/div>\n\t\t<div class=\"elementor-element elementor-element-763c191 e-con-full e-grid e-con e-child\" data-id=\"763c191\" data-element_type=\"container\">\n\t\t\t\t<div class=\"elementor-element elementor-element-73be91f elementor-widget__width-initial elementor-widget elementor-widget-text-editor\" data-id=\"73be91f\" data-element_type=\"widget\" data-widget_type=\"text-editor.default\">\n\t\t\t\t<div class=\"elementor-widget-container\">\n\t\t\t\t\t\t\t\t\t<p><img decoding=\"async\" class=\"alignleft wp-image-1520 size-thumbnail\" src=\"https:\/\/www.lamagnaneriedecamias.com\/wp-content\/uploads\/2025\/12\/IMG_9671-150x150.jpg\" alt=\"img 9671\" width=\"150\" height=\"150\" \/><strong data-start=\"2748\" data-end=\"2767\">Dinner on site<\/strong><\/p><ul><li>Book your dinner before your stay<\/li><li>Reservations required at least 24 hours prior to arrival<\/li><li>Vegetarian options<\/li><\/ul>\t\t\t\t\t\t\t\t<\/div>\n\t\t\t\t<\/div>\n\t\t\t\t<\/div>\n\t\t<div class=\"elementor-element elementor-element-bf28359 e-con-full e-grid e-con e-child\" data-id=\"bf28359\" data-element_type=\"container\">\n\t\t\t\t<div class=\"elementor-element elementor-element-83f63c5 elementor-widget__width-initial elementor-widget elementor-widget-text-editor\" data-id=\"83f63c5\" data-element_type=\"widget\" data-widget_type=\"text-editor.default\">\n\t\t\t\t<div class=\"elementor-widget-container\">\n\t\t\t\t\t\t\t\t\t<p data-start=\"2633\" data-end=\"2644\"><img loading=\"lazy\" decoding=\"async\" class=\"wp-image-1492 size-thumbnail alignleft\" src=\"https:\/\/www.lamagnaneriedecamias.com\/wp-content\/uploads\/2025\/12\/IMG_4149-150x150.jpg\" alt=\"img 4149\" width=\"150\" height=\"150\" \/><strong data-start=\"2633\" data-end=\"2644\">Pool<\/strong><\/p><ul data-start=\"2646\" data-end=\"2741\"><li data-start=\"2646\" data-end=\"2686\">Heated swimming pool from late May to early September<\/li><li data-start=\"2687\" data-end=\"2717\">Free access<\/li><\/ul>\t\t\t\t\t\t\t\t<\/div>\n\t\t\t\t<\/div>\n\t\t\t\t<\/div>\n\t\t<div class=\"elementor-element elementor-element-a2f5034 e-con-full e-grid e-con e-child\" data-id=\"a2f5034\" data-element_type=\"container\">\n\t\t\t\t<div class=\"elementor-element elementor-element-b2bcb10 elementor-widget__width-initial elementor-widget elementor-widget-text-editor\" data-id=\"b2bcb10\" data-element_type=\"widget\" data-widget_type=\"text-editor.default\">\n\t\t\t\t<div class=\"elementor-widget-container\">\n\t\t\t\t\t\t\t\t\t<p data-start=\"2944\" data-end=\"2963\"><strong data-start=\"2944\" data-end=\"2963\">Spa &amp; Wellness<img loading=\"lazy\" decoding=\"async\" class=\"wp-image-1498 size-thumbnail alignleft\" src=\"https:\/\/www.lamagnaneriedecamias.com\/wp-content\/uploads\/2025\/12\/IMG_5152-150x150.jpg\" alt=\"img 5152\" width=\"150\" height=\"150\" \/><\/strong><\/p><ul><li>Access: sauna, steam room, whirlpool bath\u00a0<\/li><li>Time slots must be booked in advance<\/li><li>Private use (2 hours)\u00a0<\/li><\/ul>\t\t\t\t\t\t\t\t<\/div>\n\t\t\t\t<\/div>\n\t\t\t\t<\/div>\n\t\t\t\t<\/div>\n\t\t<div class=\"elementor-element elementor-element-97151d4 e-flex e-con-boxed e-con e-parent\" data-id=\"97151d4\" data-element_type=\"container\">\n\t\t\t\t\t<div class=\"e-con-inner\">\n\t\t\t\t<div class=\"elementor-element elementor-element-dc8fb43 elementor-align-center elementor-widget elementor-widget-button\" data-id=\"dc8fb43\" data-element_type=\"widget\" data-widget_type=\"button.default\">\n\t\t\t\t<div class=\"elementor-widget-container\">\n\t\t\t\t\t\t\t\t\t<div class=\"elementor-button-wrapper\">\n\t\t\t\t\t<a class=\"elementor-button elementor-button-link elementor-size-sm\" href=\"https:\/\/reservation.elloha.com?IdPublication=a9571245-a140-4765-afea-7c271f0e7287&#038;culture=fr-FR&#038;idoi=8d6f7567-1273-4be3-b176-650d6d8414b5&#038;searchFirstAvailableDates=1\">\n\t\t\t\t\t\t<span class=\"elementor-button-content-wrapper\">\n\t\t\t\t\t\t<span class=\"elementor-button-icon\">\n\t\t\t\t<i aria-hidden=\"true\" class=\"far fa-arrow-alt-circle-right\"><\/i>\t\t\t<\/span>\n\t\t\t\t\t\t\t\t\t<span class=\"elementor-button-text\">Book your stay!<\/span>\n\t\t\t\t\t<\/span>\n\t\t\t\t\t<\/a>\n\t\t\t\t<\/div>\n\t\t\t\t\t\t\t\t<\/div>\n\t\t\t\t<\/div>\n\t\t\t\t\t<\/div>\n\t\t\t\t<\/div>\n\t\t\t\t<\/div>\n\t\t\n    <div class=\"xs_social_share_widget xs_share_url after_content \t\tmain_content  wslu-style-1 wslu-share-box-shaped wslu-fill-colored wslu-none wslu-share-horizontal wslu-theme-font-no wslu-main_content\">\n\n\t\t\n        <ul>\n\t\t\t        <\/ul>\n    <\/div>","protected":false},"excerpt":{"rendered":"<p>Infos pratiques Tout ce qu\u2019il faut savoir pour pr\u00e9parer votre s\u00e9jour Arriv\u00e9es &amp; d\u00e9parts Check-in : \u00e0 partir\u00a0de 16h Check-out : jusqu\u2019\u00e0 11h Petit-d\u00e9jeuner Buffet servi de 8h30 \u00e0 10h Produits locaux et de saison D\u00eener sur place Table d\u2019h\u00f4tes sur r\u00e9servation R\u00e9servation au moins 24h avant l\u2019arriv\u00e9e Options v\u00e9g\u00e9tariennes Piscine Piscine chauff\u00e9e de fin [&hellip;]<\/p>\n","protected":false},"author":1,"featured_media":0,"parent":0,"menu_order":0,"comment_status":"closed","ping_status":"closed","template":"","meta":{"site-sidebar-layout":"no-sidebar","site-content-layout":"page-builder","ast-site-content-layout":"full-width-container","site-content-style":"default","site-sidebar-style":"default","ast-global-header-display":"","ast-banner-title-visibility":"disabled","ast-main-header-display":"","ast-hfb-above-header-display":"","ast-hfb-below-header-display":"","ast-hfb-mobile-header-display":"","site-post-title":"","ast-breadcrumbs-content":"","ast-featured-img":"disabled","footer-sml-layout":"","theme-transparent-header-meta":"","adv-header-id-meta":"","stick-header-meta":"","header-above-stick-meta":"","header-main-stick-meta":"","header-below-stick-meta":"","astra-migrate-meta-layouts":"set","ast-page-background-enabled":"default","ast-page-background-meta":{"desktop":{"background-color":"","background-image":"","background-repeat":"repeat","background-position":"center center","background-size":"auto","background-attachment":"scroll","background-type":"","background-media":"","overlay-type":"","overlay-color":"","overlay-opacity":"","overlay-gradient":""},"tablet":{"background-color":"","background-image":"","background-repeat":"repeat","background-position":"center center","background-size":"auto","background-attachment":"scroll","background-type":"","background-media":"","overlay-type":"","overlay-color":"","overlay-opacity":"","overlay-gradient":""},"mobile":{"background-color":"","background-image":"","background-repeat":"repeat","background-position":"center center","background-size":"auto","background-attachment":"scroll","background-type":"","background-media":"","overlay-type":"","overlay-color":"","overlay-opacity":"","overlay-gradient":""}},"ast-content-background-meta":{"desktop":{"background-color":"var(--ast-global-color-5)","background-image":"","background-repeat":"repeat","background-position":"center center","background-size":"auto","background-attachment":"scroll","background-type":"","background-media":"","overlay-type":"","overlay-color":"","overlay-opacity":"","overlay-gradient":""},"tablet":{"background-color":"var(--ast-global-color-5)","background-image":"","background-repeat":"repeat","background-position":"center center","background-size":"auto","background-attachment":"scroll","background-type":"","background-media":"","overlay-type":"","overlay-color":"","overlay-opacity":"","overlay-gradient":""},"mobile":{"background-color":"var(--ast-global-color-5)","background-image":"","background-repeat":"repeat","background-position":"center center","background-size":"auto","background-attachment":"scroll","background-type":"","background-media":"","overlay-type":"","overlay-color":"","overlay-opacity":"","overlay-gradient":""}},"footnotes":""},"class_list":["post-1603","page","type-page","status-publish","hentry"],"yoast_head":"<!-- This site is optimized with the Yoast SEO plugin v26.4 - https:\/\/yoast.com\/wordpress\/plugins\/seo\/ -->\n<title>Infos pratiques &amp; Acc\u00e8s \u2013 Magnanerie de Camias | C\u00e9vennes<\/title>\n<meta name=\"description\" content=\"Pr\u00e9parez votre s\u00e9jour \u00e0 la Magnanerie de Camias : acc\u00e8s, horaires, informations pratiques et conseils pour profiter des C\u00e9vennes.\" \/>\n<meta name=\"robots\" content=\"index, follow, max-snippet:-1, max-image-preview:large, max-video-preview:-1\" \/>\n<link rel=\"canonical\" href=\"https:\/\/www.lamagnaneriedecamias.com\/en\/infos-pratiques\/\" \/>\n<meta property=\"og:locale\" content=\"en_GB\" \/>\n<meta property=\"og:type\" content=\"article\" \/>\n<meta property=\"og:title\" content=\"Infos pratiques &amp; Acc\u00e8s \u2013 Magnanerie de Camias | C\u00e9vennes\" \/>\n<meta property=\"og:description\" content=\"Pr\u00e9parez votre s\u00e9jour \u00e0 la Magnanerie de Camias : acc\u00e8s, horaires, informations pratiques et conseils pour profiter des C\u00e9vennes.\" \/>\n<meta property=\"og:url\" content=\"https:\/\/www.lamagnaneriedecamias.com\/en\/infos-pratiques\/\" \/>\n<meta property=\"article:modified_time\" content=\"2026-04-14T09:11:25+00:00\" \/>\n<meta property=\"og:image\" content=\"https:\/\/www.lamagnaneriedecamias.com\/wp-content\/uploads\/2025\/12\/IMG_3632-scaled-e1772204945237-150x150.jpg\" \/>\n<meta name=\"twitter:card\" content=\"summary_large_image\" \/>\n<meta name=\"twitter:label1\" content=\"Estimated reading time\" \/>\n\t<meta name=\"twitter:data1\" content=\"2 minutes\" \/>\n<script type=\"application\/ld+json\" class=\"yoast-schema-graph\">{\"@context\":\"https:\/\/schema.org\",\"@graph\":[{\"@type\":\"WebPage\",\"@id\":\"https:\/\/www.lamagnaneriedecamias.com\/infos-pratiques\/\",\"url\":\"https:\/\/www.lamagnaneriedecamias.com\/infos-pratiques\/\",\"name\":\"Infos pratiques & Acc\u00e8s \u2013 Magnanerie de Camias | C\u00e9vennes\",\"isPartOf\":{\"@id\":\"https:\/\/www.lamagnaneriedecamias.com\/#website\"},\"primaryImageOfPage\":{\"@id\":\"https:\/\/www.lamagnaneriedecamias.com\/infos-pratiques\/#primaryimage\"},\"image\":{\"@id\":\"https:\/\/www.lamagnaneriedecamias.com\/infos-pratiques\/#primaryimage\"},\"thumbnailUrl\":\"https:\/\/www.lamagnaneriedecamias.com\/wp-content\/uploads\/2025\/12\/IMG_3632-scaled-e1772204945237-150x150.jpg\",\"datePublished\":\"2025-12-09T10:11:10+00:00\",\"dateModified\":\"2026-04-14T09:11:25+00:00\",\"description\":\"Pr\u00e9parez votre s\u00e9jour \u00e0 la Magnanerie de Camias : acc\u00e8s, horaires, informations pratiques et conseils pour profiter des C\u00e9vennes.\",\"breadcrumb\":{\"@id\":\"https:\/\/www.lamagnaneriedecamias.com\/infos-pratiques\/#breadcrumb\"},\"inLanguage\":\"en-GB\",\"potentialAction\":[{\"@type\":\"ReadAction\",\"target\":[\"https:\/\/www.lamagnaneriedecamias.com\/infos-pratiques\/\"]}]},{\"@type\":\"ImageObject\",\"inLanguage\":\"en-GB\",\"@id\":\"https:\/\/www.lamagnaneriedecamias.com\/infos-pratiques\/#primaryimage\",\"url\":\"https:\/\/www.lamagnaneriedecamias.com\/wp-content\/uploads\/2025\/12\/IMG_3632-scaled-e1772204945237-150x150.jpg\",\"contentUrl\":\"https:\/\/www.lamagnaneriedecamias.com\/wp-content\/uploads\/2025\/12\/IMG_3632-scaled-e1772204945237-150x150.jpg\"},{\"@type\":\"BreadcrumbList\",\"@id\":\"https:\/\/www.lamagnaneriedecamias.com\/infos-pratiques\/#breadcrumb\",\"itemListElement\":[{\"@type\":\"ListItem\",\"position\":1,\"name\":\"Accueil\",\"item\":\"https:\/\/www.lamagnaneriedecamias.com\/\"},{\"@type\":\"ListItem\",\"position\":2,\"name\":\"Infos pratiques\"}]},{\"@type\":\"WebSite\",\"@id\":\"https:\/\/www.lamagnaneriedecamias.com\/#website\",\"url\":\"https:\/\/www.lamagnaneriedecamias.com\/\",\"name\":\"La Magnanerie de Camias\",\"description\":\"Maison d&#039;h\u00f4tes et spa bien-\u00eatre\",\"publisher\":{\"@id\":\"https:\/\/www.lamagnaneriedecamias.com\/#organization\"},\"potentialAction\":[{\"@type\":\"SearchAction\",\"target\":{\"@type\":\"EntryPoint\",\"urlTemplate\":\"https:\/\/www.lamagnaneriedecamias.com\/?s={search_term_string}\"},\"query-input\":{\"@type\":\"PropertyValueSpecification\",\"valueRequired\":true,\"valueName\":\"search_term_string\"}}],\"inLanguage\":\"en-GB\"},{\"@type\":\"Organization\",\"@id\":\"https:\/\/www.lamagnaneriedecamias.com\/#organization\",\"name\":\"La Magnanerie de Camias\",\"url\":\"https:\/\/www.lamagnaneriedecamias.com\/\",\"logo\":{\"@type\":\"ImageObject\",\"inLanguage\":\"en-GB\",\"@id\":\"https:\/\/www.lamagnaneriedecamias.com\/#\/schema\/logo\/image\/\",\"url\":\"https:\/\/www.lamagnaneriedecamias.com\/wp-content\/uploads\/2025\/12\/Logo_Magnanerie_de_Camias-removebg-preview.png\",\"contentUrl\":\"https:\/\/www.lamagnaneriedecamias.com\/wp-content\/uploads\/2025\/12\/Logo_Magnanerie_de_Camias-removebg-preview.png\",\"width\":577,\"height\":433,\"caption\":\"La Magnanerie de Camias\"},\"image\":{\"@id\":\"https:\/\/www.lamagnaneriedecamias.com\/#\/schema\/logo\/image\/\"}}]}<\/script>\n<!-- \/ Yoast SEO plugin. -->","yoast_head_json":{"title":"Infos pratiques & Acc\u00e8s \u2013 Magnanerie de Camias | C\u00e9vennes","description":"Pr\u00e9parez votre s\u00e9jour \u00e0 la Magnanerie de Camias : acc\u00e8s, horaires, informations pratiques et conseils pour profiter des C\u00e9vennes.","robots":{"index":"index","follow":"follow","max-snippet":"max-snippet:-1","max-image-preview":"max-image-preview:large","max-video-preview":"max-video-preview:-1"},"canonical":"https:\/\/www.lamagnaneriedecamias.com\/en\/infos-pratiques\/","og_locale":"en_GB","og_type":"article","og_title":"Infos pratiques & Acc\u00e8s \u2013 Magnanerie de Camias | C\u00e9vennes","og_description":"Pr\u00e9parez votre s\u00e9jour \u00e0 la Magnanerie de Camias : acc\u00e8s, horaires, informations pratiques et conseils pour profiter des C\u00e9vennes.","og_url":"https:\/\/www.lamagnaneriedecamias.com\/en\/infos-pratiques\/","article_modified_time":"2026-04-14T09:11:25+00:00","og_image":[{"url":"https:\/\/www.lamagnaneriedecamias.com\/wp-content\/uploads\/2025\/12\/IMG_3632-scaled-e1772204945237-150x150.jpg","type":"","width":"","height":""}],"twitter_card":"summary_large_image","twitter_misc":{"Estimated reading time":"2 minutes"},"schema":{"@context":"https:\/\/schema.org","@graph":[{"@type":"WebPage","@id":"https:\/\/www.lamagnaneriedecamias.com\/infos-pratiques\/","url":"https:\/\/www.lamagnaneriedecamias.com\/infos-pratiques\/","name":"Infos pratiques & Acc\u00e8s \u2013 Magnanerie de Camias | C\u00e9vennes","isPartOf":{"@id":"https:\/\/www.lamagnaneriedecamias.com\/#website"},"primaryImageOfPage":{"@id":"https:\/\/www.lamagnaneriedecamias.com\/infos-pratiques\/#primaryimage"},"image":{"@id":"https:\/\/www.lamagnaneriedecamias.com\/infos-pratiques\/#primaryimage"},"thumbnailUrl":"https:\/\/www.lamagnaneriedecamias.com\/wp-content\/uploads\/2025\/12\/IMG_3632-scaled-e1772204945237-150x150.jpg","datePublished":"2025-12-09T10:11:10+00:00","dateModified":"2026-04-14T09:11:25+00:00","description":"Pr\u00e9parez votre s\u00e9jour \u00e0 la Magnanerie de Camias : acc\u00e8s, horaires, informations pratiques et conseils pour profiter des C\u00e9vennes.","breadcrumb":{"@id":"https:\/\/www.lamagnaneriedecamias.com\/infos-pratiques\/#breadcrumb"},"inLanguage":"en-GB","potentialAction":[{"@type":"ReadAction","target":["https:\/\/www.lamagnaneriedecamias.com\/infos-pratiques\/"]}]},{"@type":"ImageObject","inLanguage":"en-GB","@id":"https:\/\/www.lamagnaneriedecamias.com\/infos-pratiques\/#primaryimage","url":"https:\/\/www.lamagnaneriedecamias.com\/wp-content\/uploads\/2025\/12\/IMG_3632-scaled-e1772204945237-150x150.jpg","contentUrl":"https:\/\/www.lamagnaneriedecamias.com\/wp-content\/uploads\/2025\/12\/IMG_3632-scaled-e1772204945237-150x150.jpg"},{"@type":"BreadcrumbList","@id":"https:\/\/www.lamagnaneriedecamias.com\/infos-pratiques\/#breadcrumb","itemListElement":[{"@type":"ListItem","position":1,"name":"Accueil","item":"https:\/\/www.lamagnaneriedecamias.com\/"},{"@type":"ListItem","position":2,"name":"Infos pratiques"}]},{"@type":"WebSite","@id":"https:\/\/www.lamagnaneriedecamias.com\/#website","url":"https:\/\/www.lamagnaneriedecamias.com\/","name":"La Magnanerie de Camias","description":"Maison d&#039;h\u00f4tes et spa bien-\u00eatre","publisher":{"@id":"https:\/\/www.lamagnaneriedecamias.com\/#organization"},"potentialAction":[{"@type":"SearchAction","target":{"@type":"EntryPoint","urlTemplate":"https:\/\/www.lamagnaneriedecamias.com\/?s={search_term_string}"},"query-input":{"@type":"PropertyValueSpecification","valueRequired":true,"valueName":"search_term_string"}}],"inLanguage":"en-GB"},{"@type":"Organization","@id":"https:\/\/www.lamagnaneriedecamias.com\/#organization","name":"La Magnanerie de Camias","url":"https:\/\/www.lamagnaneriedecamias.com\/","logo":{"@type":"ImageObject","inLanguage":"en-GB","@id":"https:\/\/www.lamagnaneriedecamias.com\/#\/schema\/logo\/image\/","url":"https:\/\/www.lamagnaneriedecamias.com\/wp-content\/uploads\/2025\/12\/Logo_Magnanerie_de_Camias-removebg-preview.png","contentUrl":"https:\/\/www.lamagnaneriedecamias.com\/wp-content\/uploads\/2025\/12\/Logo_Magnanerie_de_Camias-removebg-preview.png","width":577,"height":433,"caption":"La Magnanerie de Camias"},"image":{"@id":"https:\/\/www.lamagnaneriedecamias.com\/#\/schema\/logo\/image\/"}}]}},"_links":{"self":[{"href":"https:\/\/www.lamagnaneriedecamias.com\/en\/wp-json\/wp\/v2\/pages\/1603","targetHints":{"allow":["GET"]}}],"collection":[{"href":"https:\/\/www.lamagnaneriedecamias.com\/en\/wp-json\/wp\/v2\/pages"}],"about":[{"href":"https:\/\/www.lamagnaneriedecamias.com\/en\/wp-json\/wp\/v2\/types\/page"}],"author":[{"embeddable":true,"href":"https:\/\/www.lamagnaneriedecamias.com\/en\/wp-json\/wp\/v2\/users\/1"}],"replies":[{"embeddable":true,"href":"https:\/\/www.lamagnaneriedecamias.com\/en\/wp-json\/wp\/v2\/comments?post=1603"}],"version-history":[{"count":19,"href":"https:\/\/www.lamagnaneriedecamias.com\/en\/wp-json\/wp\/v2\/pages\/1603\/revisions"}],"predecessor-version":[{"id":1918,"href":"https:\/\/www.lamagnaneriedecamias.com\/en\/wp-json\/wp\/v2\/pages\/1603\/revisions\/1918"}],"wp:attachment":[{"href":"https:\/\/www.lamagnaneriedecamias.com\/en\/wp-json\/wp\/v2\/media?parent=1603"}],"curies":[{"name":"wp","href":"https:\/\/api.w.org\/{rel}","templated":true}]}}