{"id":1941,"date":"2026-03-11T15:55:29","date_gmt":"2026-03-11T15:55:29","guid":{"rendered":"https:\/\/www.lamagnaneriedecamias.com\/?page_id=1941"},"modified":"2026-04-14T09:16:20","modified_gmt":"2026-04-14T09:16:20","slug":"reserver","status":"publish","type":"page","link":"https:\/\/www.lamagnaneriedecamias.com\/fr_fr\/reserver\/","title":{"rendered":"R\u00e9server"},"content":{"rendered":"\t\t<div data-elementor-type=\"wp-page\" data-elementor-id=\"1941\" class=\"elementor elementor-1941\">\n\t\t\t\t<div class=\"elementor-element elementor-element-c4b07d7 e-flex e-con-boxed e-con e-parent\" data-id=\"c4b07d7\" data-element_type=\"container\">\n\t\t\t\t\t<div class=\"e-con-inner\">\n\t\t\t\t<div class=\"elementor-element elementor-element-72491b3 elementor-widget elementor-widget-heading\" data-id=\"72491b3\" data-element_type=\"widget\" data-widget_type=\"heading.default\">\n\t\t\t\t<div class=\"elementor-widget-container\">\n\t\t\t\t\t<h1 class=\"elementor-heading-title elementor-size-default\">R\u00e9servez votre s\u00e9jour \u00e0 la Magnanerie de Camias<\/h1>\t\t\t\t<\/div>\n\t\t\t\t<\/div>\n\t\t\t\t<div class=\"elementor-element elementor-element-5f94876 elementor-widget__width-initial elementor-widget elementor-widget-text-editor\" data-id=\"5f94876\" data-element_type=\"widget\" data-widget_type=\"text-editor.default\">\n\t\t\t\t<div class=\"elementor-widget-container\">\n\t\t\t\t\t\t\t\t\t<h4>R\u00e9servez directement votre s\u00e9jour \u00e0 la Magnanerie de Camias<\/h4><h4>et b\u00e9n\u00e9ficiez du meilleur tarif garanti.<\/h4><div id=\"ConstellationWidgetContainer2809cda8-6daf-45b0-aa05-29827b48e757\" style=\"width: 100%;\" title=\"La Magnanerie de Camias\" data-id-projet=\"2809cda86daf45b0aa0529827b48e757\">Chargement en cours&#8230;<\/div><p><script type=\"text\/javascript\" src=\"https:\/\/reservation.elloha.com\/Scripts\/widget-loader.min.js?v=42\"><\/script><script type=\"text\/javascript\">var constellationWidgetUrl2809cda86daf45b0aa0529827b48e757, constellationTypeModule2809cda86daf45b0aa0529827b48e757; constellationWidgetUrl2809cda86daf45b0aa0529827b48e757 = 'https:\/\/reservation.elloha.com\/Widget\/BookingEngine\/2809cda8-6daf-45b0-aa05-29827b48e757?idoi=8d6f7567-1273-4be3-b176-650d6d8414b5&culture=fr-FR'; constellationTypeModule2809cda86daf45b0aa0529827b48e757=1; constellationWidgetLoad('ConstellationWidgetContainer2809cda8-6daf-45b0-aa05-29827b48e757'); constellationWidgetAddEvent(window, \"resize\", function () { constellationWidgetSetAppearance('ConstellationWidgetContainer2809cda8-6daf-45b0-aa05-29827b48e757'); });<\/script><\/p>\t\t\t\t\t\t\t\t<\/div>\n\t\t\t\t<\/div>\n\t\t\t\t<div class=\"elementor-element elementor-element-9ddd03a elementor-widget__width-initial elementor-widget elementor-widget-text-editor\" data-id=\"9ddd03a\" data-element_type=\"widget\" data-widget_type=\"text-editor.default\">\n\t\t\t\t<div class=\"elementor-widget-container\">\n\t\t\t\t\t\t\t\t\t<ul><li data-section-id=\"1scxfet\" data-start=\"3398\" data-end=\"3422\"><p data-start=\"3400\" data-end=\"3422\">meilleur tarif garanti<\/p><\/li><li data-section-id=\"636cj8\" data-start=\"3423\" data-end=\"3446\"><p data-start=\"3425\" data-end=\"3446\">r\u00e9servation s\u00e9curis\u00e9e<\/p><\/li><li data-section-id=\"16l6dx0\" data-start=\"3447\" data-end=\"3470\"><p data-start=\"3449\" data-end=\"3470\">petit d\u00e9jeuner inclus<\/p><\/li><\/ul>\t\t\t\t\t\t\t\t<\/div>\n\t\t\t\t<\/div>\n\t\t\t\t\t<\/div>\n\t\t\t\t<\/div>\n\t\t\t\t<\/div>\n\t\t\n    <div class=\"xs_social_share_widget xs_share_url after_content \t\tmain_content  wslu-style-1 wslu-share-box-shaped wslu-fill-colored wslu-none wslu-share-horizontal wslu-theme-font-no wslu-main_content\">\n\n\t\t\n        <ul>\n\t\t\t        <\/ul>\n    <\/div> \n","protected":false},"excerpt":{"rendered":"<p>R\u00e9servez votre s\u00e9jour \u00e0 la Magnanerie de Camias R\u00e9servez directement votre s\u00e9jour \u00e0 la Magnanerie de Camias et b\u00e9n\u00e9ficiez du meilleur tarif garanti. Chargement en cours&#8230; meilleur tarif garanti r\u00e9servation s\u00e9curis\u00e9e petit d\u00e9jeuner inclus<\/p>\n","protected":false},"author":1,"featured_media":0,"parent":0,"menu_order":0,"comment_status":"closed","ping_status":"closed","template":"","meta":{"site-sidebar-layout":"no-sidebar","site-content-layout":"page-builder","ast-site-content-layout":"full-width-container","site-content-style":"default","site-sidebar-style":"default","ast-global-header-display":"","ast-banner-title-visibility":"disabled","ast-main-header-display":"","ast-hfb-above-header-display":"","ast-hfb-below-header-display":"","ast-hfb-mobile-header-display":"","site-post-title":"","ast-breadcrumbs-content":"","ast-featured-img":"disabled","footer-sml-layout":"","theme-transparent-header-meta":"","adv-header-id-meta":"","stick-header-meta":"","header-above-stick-meta":"","header-main-stick-meta":"","header-below-stick-meta":"","astra-migrate-meta-layouts":"set","ast-page-background-enabled":"default","ast-page-background-meta":{"desktop":{"background-color":"","background-image":"","background-repeat":"repeat","background-position":"center center","background-size":"auto","background-attachment":"scroll","background-type":"","background-media":"","overlay-type":"","overlay-color":"","overlay-opacity":"","overlay-gradient":""},"tablet":{"background-color":"","background-image":"","background-repeat":"repeat","background-position":"center center","background-size":"auto","background-attachment":"scroll","background-type":"","background-media":"","overlay-type":"","overlay-color":"","overlay-opacity":"","overlay-gradient":""},"mobile":{"background-color":"","background-image":"","background-repeat":"repeat","background-position":"center center","background-size":"auto","background-attachment":"scroll","background-type":"","background-media":"","overlay-type":"","overlay-color":"","overlay-opacity":"","overlay-gradient":""}},"ast-content-background-meta":{"desktop":{"background-color":"var(--ast-global-color-5)","background-image":"","background-repeat":"repeat","background-position":"center center","background-size":"auto","background-attachment":"scroll","background-type":"","background-media":"","overlay-type":"","overlay-color":"","overlay-opacity":"","overlay-gradient":""},"tablet":{"background-color":"var(--ast-global-color-5)","background-image":"","background-repeat":"repeat","background-position":"center center","background-size":"auto","background-attachment":"scroll","background-type":"","background-media":"","overlay-type":"","overlay-color":"","overlay-opacity":"","overlay-gradient":""},"mobile":{"background-color":"var(--ast-global-color-5)","background-image":"","background-repeat":"repeat","background-position":"center center","background-size":"auto","background-attachment":"scroll","background-type":"","background-media":"","overlay-type":"","overlay-color":"","overlay-opacity":"","overlay-gradient":""}},"footnotes":""},"class_list":["post-1941","page","type-page","status-publish","hentry"],"yoast_head":"<!-- This site is optimized with the Yoast SEO plugin v26.4 - https:\/\/yoast.com\/wordpress\/plugins\/seo\/ -->\n<title>R\u00e9servez votre s\u00e9jour dans les C\u00e9vennes - Magnanerie de Camias<\/title>\n<meta name=\"description\" content=\"R\u00e9servez votre s\u00e9jour bien-\u00eatre et natuure dans les C\u00e9vennes au meilleur tarif sur notre site. 4 chambres &amp; spa bien-\u00eatre.\" \/>\n<meta name=\"robots\" content=\"index, follow, max-snippet:-1, max-image-preview:large, max-video-preview:-1\" \/>\n<link rel=\"canonical\" href=\"https:\/\/www.lamagnaneriedecamias.com\/fr_fr\/reserver\/\" \/>\n<meta property=\"og:locale\" content=\"fr_FR\" \/>\n<meta property=\"og:type\" content=\"article\" \/>\n<meta property=\"og:title\" content=\"R\u00e9servez votre s\u00e9jour dans les C\u00e9vennes - Magnanerie de Camias\" \/>\n<meta property=\"og:description\" content=\"R\u00e9servez votre s\u00e9jour bien-\u00eatre et natuure dans les C\u00e9vennes au meilleur tarif sur notre site. 4 chambres &amp; spa bien-\u00eatre.\" \/>\n<meta property=\"og:url\" content=\"https:\/\/www.lamagnaneriedecamias.com\/fr_fr\/reserver\/\" \/>\n<meta property=\"article:modified_time\" content=\"2026-04-14T09:16:20+00:00\" \/>\n<meta name=\"twitter:card\" content=\"summary_large_image\" \/>\n<meta name=\"twitter:label1\" content=\"Dur\u00e9e de lecture estim\u00e9e\" \/>\n\t<meta name=\"twitter:data1\" content=\"1 minute\" \/>\n<script type=\"application\/ld+json\" class=\"yoast-schema-graph\">{\"@context\":\"https:\/\/schema.org\",\"@graph\":[{\"@type\":\"WebPage\",\"@id\":\"https:\/\/www.lamagnaneriedecamias.com\/reserver\/\",\"url\":\"https:\/\/www.lamagnaneriedecamias.com\/reserver\/\",\"name\":\"R\u00e9servez votre s\u00e9jour dans les C\u00e9vennes - Magnanerie de Camias\",\"isPartOf\":{\"@id\":\"https:\/\/www.lamagnaneriedecamias.com\/#website\"},\"datePublished\":\"2026-03-11T15:55:29+00:00\",\"dateModified\":\"2026-04-14T09:16:20+00:00\",\"description\":\"R\u00e9servez votre s\u00e9jour bien-\u00eatre et natuure dans les C\u00e9vennes au meilleur tarif sur notre site. 4 chambres & spa bien-\u00eatre.\",\"breadcrumb\":{\"@id\":\"https:\/\/www.lamagnaneriedecamias.com\/reserver\/#breadcrumb\"},\"inLanguage\":\"fr-FR\",\"potentialAction\":[{\"@type\":\"ReadAction\",\"target\":[\"https:\/\/www.lamagnaneriedecamias.com\/reserver\/\"]}]},{\"@type\":\"BreadcrumbList\",\"@id\":\"https:\/\/www.lamagnaneriedecamias.com\/reserver\/#breadcrumb\",\"itemListElement\":[{\"@type\":\"ListItem\",\"position\":1,\"name\":\"Accueil\",\"item\":\"https:\/\/www.lamagnaneriedecamias.com\/\"},{\"@type\":\"ListItem\",\"position\":2,\"name\":\"R\u00e9server\"}]},{\"@type\":\"WebSite\",\"@id\":\"https:\/\/www.lamagnaneriedecamias.com\/#website\",\"url\":\"https:\/\/www.lamagnaneriedecamias.com\/\",\"name\":\"La Magnanerie de Camias\",\"description\":\"Maison d&#039;h\u00f4tes et spa bien-\u00eatre\",\"publisher\":{\"@id\":\"https:\/\/www.lamagnaneriedecamias.com\/#organization\"},\"potentialAction\":[{\"@type\":\"SearchAction\",\"target\":{\"@type\":\"EntryPoint\",\"urlTemplate\":\"https:\/\/www.lamagnaneriedecamias.com\/?s={search_term_string}\"},\"query-input\":{\"@type\":\"PropertyValueSpecification\",\"valueRequired\":true,\"valueName\":\"search_term_string\"}}],\"inLanguage\":\"fr-FR\"},{\"@type\":\"Organization\",\"@id\":\"https:\/\/www.lamagnaneriedecamias.com\/#organization\",\"name\":\"La Magnanerie de Camias\",\"url\":\"https:\/\/www.lamagnaneriedecamias.com\/\",\"logo\":{\"@type\":\"ImageObject\",\"inLanguage\":\"fr-FR\",\"@id\":\"https:\/\/www.lamagnaneriedecamias.com\/#\/schema\/logo\/image\/\",\"url\":\"https:\/\/www.lamagnaneriedecamias.com\/wp-content\/uploads\/2025\/12\/Logo_Magnanerie_de_Camias-removebg-preview.png\",\"contentUrl\":\"https:\/\/www.lamagnaneriedecamias.com\/wp-content\/uploads\/2025\/12\/Logo_Magnanerie_de_Camias-removebg-preview.png\",\"width\":577,\"height\":433,\"caption\":\"La Magnanerie de Camias\"},\"image\":{\"@id\":\"https:\/\/www.lamagnaneriedecamias.com\/#\/schema\/logo\/image\/\"}}]}<\/script>\n<!-- \/ Yoast SEO plugin. -->","yoast_head_json":{"title":"R\u00e9servez votre s\u00e9jour dans les C\u00e9vennes - Magnanerie de Camias","description":"R\u00e9servez votre s\u00e9jour bien-\u00eatre et natuure dans les C\u00e9vennes au meilleur tarif sur notre site. 4 chambres & spa bien-\u00eatre.","robots":{"index":"index","follow":"follow","max-snippet":"max-snippet:-1","max-image-preview":"max-image-preview:large","max-video-preview":"max-video-preview:-1"},"canonical":"https:\/\/www.lamagnaneriedecamias.com\/fr_fr\/reserver\/","og_locale":"fr_FR","og_type":"article","og_title":"R\u00e9servez votre s\u00e9jour dans les C\u00e9vennes - Magnanerie de Camias","og_description":"R\u00e9servez votre s\u00e9jour bien-\u00eatre et natuure dans les C\u00e9vennes au meilleur tarif sur notre site. 4 chambres & spa bien-\u00eatre.","og_url":"https:\/\/www.lamagnaneriedecamias.com\/fr_fr\/reserver\/","article_modified_time":"2026-04-14T09:16:20+00:00","twitter_card":"summary_large_image","twitter_misc":{"Dur\u00e9e de lecture estim\u00e9e":"1 minute"},"schema":{"@context":"https:\/\/schema.org","@graph":[{"@type":"WebPage","@id":"https:\/\/www.lamagnaneriedecamias.com\/reserver\/","url":"https:\/\/www.lamagnaneriedecamias.com\/reserver\/","name":"R\u00e9servez votre s\u00e9jour dans les C\u00e9vennes - Magnanerie de Camias","isPartOf":{"@id":"https:\/\/www.lamagnaneriedecamias.com\/#website"},"datePublished":"2026-03-11T15:55:29+00:00","dateModified":"2026-04-14T09:16:20+00:00","description":"R\u00e9servez votre s\u00e9jour bien-\u00eatre et natuure dans les C\u00e9vennes au meilleur tarif sur notre site. 4 chambres & spa bien-\u00eatre.","breadcrumb":{"@id":"https:\/\/www.lamagnaneriedecamias.com\/reserver\/#breadcrumb"},"inLanguage":"fr-FR","potentialAction":[{"@type":"ReadAction","target":["https:\/\/www.lamagnaneriedecamias.com\/reserver\/"]}]},{"@type":"BreadcrumbList","@id":"https:\/\/www.lamagnaneriedecamias.com\/reserver\/#breadcrumb","itemListElement":[{"@type":"ListItem","position":1,"name":"Accueil","item":"https:\/\/www.lamagnaneriedecamias.com\/"},{"@type":"ListItem","position":2,"name":"R\u00e9server"}]},{"@type":"WebSite","@id":"https:\/\/www.lamagnaneriedecamias.com\/#website","url":"https:\/\/www.lamagnaneriedecamias.com\/","name":"La Magnanerie de Camias","description":"Maison d&#039;h\u00f4tes et spa bien-\u00eatre","publisher":{"@id":"https:\/\/www.lamagnaneriedecamias.com\/#organization"},"potentialAction":[{"@type":"SearchAction","target":{"@type":"EntryPoint","urlTemplate":"https:\/\/www.lamagnaneriedecamias.com\/?s={search_term_string}"},"query-input":{"@type":"PropertyValueSpecification","valueRequired":true,"valueName":"search_term_string"}}],"inLanguage":"fr-FR"},{"@type":"Organization","@id":"https:\/\/www.lamagnaneriedecamias.com\/#organization","name":"La Magnanerie de Camias","url":"https:\/\/www.lamagnaneriedecamias.com\/","logo":{"@type":"ImageObject","inLanguage":"fr-FR","@id":"https:\/\/www.lamagnaneriedecamias.com\/#\/schema\/logo\/image\/","url":"https:\/\/www.lamagnaneriedecamias.com\/wp-content\/uploads\/2025\/12\/Logo_Magnanerie_de_Camias-removebg-preview.png","contentUrl":"https:\/\/www.lamagnaneriedecamias.com\/wp-content\/uploads\/2025\/12\/Logo_Magnanerie_de_Camias-removebg-preview.png","width":577,"height":433,"caption":"La Magnanerie de Camias"},"image":{"@id":"https:\/\/www.lamagnaneriedecamias.com\/#\/schema\/logo\/image\/"}}]}},"_links":{"self":[{"href":"https:\/\/www.lamagnaneriedecamias.com\/fr_fr\/wp-json\/wp\/v2\/pages\/1941","targetHints":{"allow":["GET"]}}],"collection":[{"href":"https:\/\/www.lamagnaneriedecamias.com\/fr_fr\/wp-json\/wp\/v2\/pages"}],"about":[{"href":"https:\/\/www.lamagnaneriedecamias.com\/fr_fr\/wp-json\/wp\/v2\/types\/page"}],"author":[{"embeddable":true,"href":"https:\/\/www.lamagnaneriedecamias.com\/fr_fr\/wp-json\/wp\/v2\/users\/1"}],"replies":[{"embeddable":true,"href":"https:\/\/www.lamagnaneriedecamias.com\/fr_fr\/wp-json\/wp\/v2\/comments?post=1941"}],"version-history":[{"count":7,"href":"https:\/\/www.lamagnaneriedecamias.com\/fr_fr\/wp-json\/wp\/v2\/pages\/1941\/revisions"}],"predecessor-version":[{"id":1949,"href":"https:\/\/www.lamagnaneriedecamias.com\/fr_fr\/wp-json\/wp\/v2\/pages\/1941\/revisions\/1949"}],"wp:attachment":[{"href":"https:\/\/www.lamagnaneriedecamias.com\/fr_fr\/wp-json\/wp\/v2\/media?parent=1941"}],"curies":[{"name":"wp","href":"https:\/\/api.w.org\/{rel}","templated":true}]}}